{"id":807,"date":"2019-12-10T12:23:36","date_gmt":"2019-12-10T12:23:36","guid":{"rendered":"https:\/\/zum.fi\/tuote\/presentkort-100-e\/"},"modified":"2023-10-27T12:22:04","modified_gmt":"2023-10-27T12:22:04","slug":"presentkort-100-e","status":"publish","type":"product","link":"https:\/\/zum.fi\/sv\/tuote\/presentkort-100-e\/","title":{"rendered":"Presentkort 100 \u20ac"},"content":{"rendered":"<p>Mer information om v\u00e5ra menyer och \u00f6ppettider hittar du p\u00e5 v\u00e5r webbplats.<\/p>\n","protected":false},"excerpt":{"rendered":"<p>Med presentkortet kan en stor familj njuta av lunch eller middag, eller ett par kan avnjuta en trer\u00e4tters middag. Det kan h\u00e4nda att du \u00e4ven f\u00e5r en flaska prisbel\u00f6nad olivolja eller Marie Sharp chili-s\u00e5s med dig. Du kan best\u00e4lla kortet till mottagarens (eller din egen) e-post. Kortet kan skrivas ut eller visas p\u00e5 restaurangen fr\u00e5n telefonens sk\u00e4rm. Presentkortet \u00e4r giltigt i 12 m\u00e5nader fr\u00e5n ink\u00f6psdatumet.<\/p>\n","protected":false},"featured_media":630,"template":"","meta":{"_kad_blocks_custom_css":"","_kad_blocks_head_custom_js":"","_kad_blocks_body_custom_js":"","_kad_blocks_footer_custom_js":"","_kad_post_transparent":"default","_kad_post_title":"","_kad_post_layout":"default","_kad_post_sidebar_id":"","_kad_post_content_style":"default","_kad_post_vertical_padding":"default","_kad_post_feature":"","_kad_post_feature_position":"","_kad_post_header":false,"_kad_post_footer":false,"_kad_post_classname":""},"product_brand":[],"product_cat":[54],"product_tag":[],"giftcard-category":[],"class_list":{"0":"post-807","1":"product","2":"type-product","3":"status-publish","4":"has-post-thumbnail","6":"product_cat-presentkorten","8":"first","9":"instock","10":"virtual","11":"taxable","12":"purchasable","13":"product-type-gift-card","14":"entry","15":"content-bg","16":"loop-entry"},"taxonomy_info":{"product_cat":[{"value":54,"label":"Presentkorten"}]},"featured_image_src_large":["https:\/\/zum.fi\/wp-content\/uploads\/2023\/09\/zum-beispiel-lahjakortti-100.jpg",900,600,false],"author_info":[],"comment_info":"","_links":{"self":[{"href":"https:\/\/zum.fi\/sv\/wp-json\/wp\/v2\/product\/807","targetHints":{"allow":["GET"]}}],"collection":[{"href":"https:\/\/zum.fi\/sv\/wp-json\/wp\/v2\/product"}],"about":[{"href":"https:\/\/zum.fi\/sv\/wp-json\/wp\/v2\/types\/product"}],"wp:featuredmedia":[{"embeddable":true,"href":"https:\/\/zum.fi\/sv\/wp-json\/wp\/v2\/media\/630"}],"wp:attachment":[{"href":"https:\/\/zum.fi\/sv\/wp-json\/wp\/v2\/media?parent=807"}],"wp:term":[{"taxonomy":"product_brand","embeddable":true,"href":"https:\/\/zum.fi\/sv\/wp-json\/wp\/v2\/product_brand?post=807"},{"taxonomy":"product_cat","embeddable":true,"href":"https:\/\/zum.fi\/sv\/wp-json\/wp\/v2\/product_cat?post=807"},{"taxonomy":"product_tag","embeddable":true,"href":"https:\/\/zum.fi\/sv\/wp-json\/wp\/v2\/product_tag?post=807"},{"taxonomy":"giftcard-category","embeddable":true,"href":"https:\/\/zum.fi\/sv\/wp-json\/wp\/v2\/giftcard-category?post=807"}],"curies":[{"name":"wp","href":"https:\/\/api.w.org\/{rel}","templated":true}]}}