{"id":806,"date":"2019-12-10T12:31:39","date_gmt":"2019-12-10T12:31:39","guid":{"rendered":"https:\/\/zum.fi\/tuote\/presentkort-70-e\/"},"modified":"2023-10-27T12:21:15","modified_gmt":"2023-10-27T12:21:15","slug":"presentkort-70-e","status":"publish","type":"product","link":"https:\/\/zum.fi\/sv\/tuote\/presentkort-70-e\/","title":{"rendered":"Presentkort 70 \u20ac"},"content":{"rendered":"<p>Att l\u00f6sa in kortet \u00e4r enkelt i kassan. Kortet kan skrivas ut eller visas p\u00e5 restaurangen fr\u00e5n telefonens sk\u00e4rm.<\/p>\n","protected":false},"excerpt":{"rendered":"<p>Kortet kan anv\u00e4ndas f\u00f6r exempelvis en lunch f\u00f6r flera personer eller en l\u00e5ng, avslappnad middag. Du kan best\u00e4lla kortet till mottagarens (eller din egen) e-post. Kortet kan skrivas ut eller visas p\u00e5 restaurangen fr\u00e5n telefonens sk\u00e4rm. Presentkortet \u00e4r giltigt i 12 m\u00e5nader fr\u00e5n ink\u00f6psdatumet.<\/p>\n","protected":false},"featured_media":632,"template":"","meta":{"_kad_blocks_custom_css":"","_kad_blocks_head_custom_js":"","_kad_blocks_body_custom_js":"","_kad_blocks_footer_custom_js":"","_kad_post_transparent":"default","_kad_post_title":"","_kad_post_layout":"default","_kad_post_sidebar_id":"","_kad_post_content_style":"default","_kad_post_vertical_padding":"default","_kad_post_feature":"","_kad_post_feature_position":"","_kad_post_header":false,"_kad_post_footer":false,"_kad_post_classname":""},"product_brand":[],"product_cat":[54],"product_tag":[],"giftcard-category":[],"class_list":{"0":"post-806","1":"product","2":"type-product","3":"status-publish","4":"has-post-thumbnail","6":"product_cat-presentkorten","8":"first","9":"instock","10":"virtual","11":"taxable","12":"purchasable","13":"product-type-gift-card","14":"entry","15":"content-bg","16":"loop-entry"},"taxonomy_info":{"product_cat":[{"value":54,"label":"Presentkorten"}]},"featured_image_src_large":["https:\/\/zum.fi\/wp-content\/uploads\/2023\/09\/zum-beispiel-lahjakortti-70.jpg",900,600,false],"author_info":[],"comment_info":"","_links":{"self":[{"href":"https:\/\/zum.fi\/sv\/wp-json\/wp\/v2\/product\/806","targetHints":{"allow":["GET"]}}],"collection":[{"href":"https:\/\/zum.fi\/sv\/wp-json\/wp\/v2\/product"}],"about":[{"href":"https:\/\/zum.fi\/sv\/wp-json\/wp\/v2\/types\/product"}],"wp:featuredmedia":[{"embeddable":true,"href":"https:\/\/zum.fi\/sv\/wp-json\/wp\/v2\/media\/632"}],"wp:attachment":[{"href":"https:\/\/zum.fi\/sv\/wp-json\/wp\/v2\/media?parent=806"}],"wp:term":[{"taxonomy":"product_brand","embeddable":true,"href":"https:\/\/zum.fi\/sv\/wp-json\/wp\/v2\/product_brand?post=806"},{"taxonomy":"product_cat","embeddable":true,"href":"https:\/\/zum.fi\/sv\/wp-json\/wp\/v2\/product_cat?post=806"},{"taxonomy":"product_tag","embeddable":true,"href":"https:\/\/zum.fi\/sv\/wp-json\/wp\/v2\/product_tag?post=806"},{"taxonomy":"giftcard-category","embeddable":true,"href":"https:\/\/zum.fi\/sv\/wp-json\/wp\/v2\/giftcard-category?post=806"}],"curies":[{"name":"wp","href":"https:\/\/api.w.org\/{rel}","templated":true}]}}