{"id":1149,"date":"2023-09-14T12:23:17","date_gmt":"2023-09-14T12:23:17","guid":{"rendered":"https:\/\/zum.fi\/?page_id=1149"},"modified":"2025-08-10T17:33:40","modified_gmt":"2025-08-10T17:33:40","slug":"lunch","status":"publish","type":"page","link":"https:\/\/zum.fi\/sv\/lunch\/","title":{"rendered":"Lunch"},"content":{"rendered":"<style>.kb-row-layout-id379_e4f24a-1f > .kt-row-column-wrap{align-content:start;}:where(.kb-row-layout-id379_e4f24a-1f > .kt-row-column-wrap) > .wp-block-kadence-column{justify-content:start;}.kb-row-layout-id379_e4f24a-1f > .kt-row-column-wrap{column-gap:var(--global-kb-gap-md, 2rem);row-gap:var(--global-kb-gap-md, 2rem);padding-top:150px;padding-bottom:69px;grid-template-columns:minmax(0, calc(30% - ((var(--global-kb-gap-md, 2rem) * 2 )\/3)))minmax(0, calc(40% - ((var(--global-kb-gap-md, 2rem) * 2 )\/3)))minmax(0, calc(30% - ((var(--global-kb-gap-md, 2rem) * 2 )\/3)));}.kb-row-layout-id379_e4f24a-1f{background-image:url('https:\/\/zum.fi\/wp-content\/uploads\/2023\/11\/zum-beispiel.jpg');background-size:cover;background-position:center center;background-attachment:scroll;background-repeat:no-repeat;}.kb-row-layout-id379_e4f24a-1f > .kt-row-layout-overlay{opacity:0.30;background-color:#2b2b2c;}@media all and (max-width: 1024px){.kb-row-layout-id379_e4f24a-1f > .kt-row-column-wrap > div:not(.added-for-specificity){grid-column:initial;}}@media all and (max-width: 1024px){.kb-row-layout-id379_e4f24a-1f > .kt-row-column-wrap{grid-template-columns:minmax(0, 1fr) minmax(0, 2fr) minmax(0, 1fr);}}@media all and (max-width: 767px){.kb-row-layout-id379_e4f24a-1f > .kt-row-column-wrap > div:not(.added-for-specificity){grid-column:initial;}.kb-row-layout-id379_e4f24a-1f > .kt-row-column-wrap{grid-template-columns:minmax(0, 1fr);}}<\/style><div class=\"kb-row-layout-wrap kb-row-layout-id379_e4f24a-1f alignfull kt-row-has-bg wp-block-kadence-rowlayout\"><div class=\"kt-row-layout-overlay kt-row-overlay-normal\"><\/div><div class=\"kt-row-column-wrap kt-has-3-columns kt-row-layout-center-half kt-tab-layout-inherit kt-mobile-layout-row kt-row-valign-top\">\n<style>.kadence-column379_9bd6f1-c1 > .kt-inside-inner-col,.kadence-column379_9bd6f1-c1 > .kt-inside-inner-col:before{border-top-left-radius:0px;border-top-right-radius:0px;border-bottom-right-radius:0px;border-bottom-left-radius:0px;}.kadence-column379_9bd6f1-c1 > .kt-inside-inner-col{column-gap:var(--global-kb-gap-sm, 1rem);}.kadence-column379_9bd6f1-c1 > .kt-inside-inner-col{flex-direction:column;}.kadence-column379_9bd6f1-c1 > .kt-inside-inner-col > .aligncenter{width:100%;}.kadence-column379_9bd6f1-c1 > .kt-inside-inner-col:before{opacity:0.3;}.kadence-column379_9bd6f1-c1{position:relative;}@media all and (max-width: 1024px){.kadence-column379_9bd6f1-c1 > .kt-inside-inner-col{flex-direction:column;justify-content:center;}}@media all and (max-width: 767px){.kadence-column379_9bd6f1-c1 > .kt-inside-inner-col{flex-direction:column;justify-content:center;}}<\/style>\n<div class=\"wp-block-kadence-column kadence-column379_9bd6f1-c1\"><div class=\"kt-inside-inner-col\"><\/div><\/div>\n\n\n<style>.kadence-column379_d3ebb8-93 > .kt-inside-inner-col,.kadence-column379_d3ebb8-93 > .kt-inside-inner-col:before{border-top-left-radius:0px;border-top-right-radius:0px;border-bottom-right-radius:0px;border-bottom-left-radius:0px;}.kadence-column379_d3ebb8-93 > .kt-inside-inner-col{column-gap:var(--global-kb-gap-sm, 1rem);}.kadence-column379_d3ebb8-93 > .kt-inside-inner-col{flex-direction:column;}.kadence-column379_d3ebb8-93 > .kt-inside-inner-col > .aligncenter{width:100%;}.kadence-column379_d3ebb8-93 > .kt-inside-inner-col:before{opacity:0.3;}.kadence-column379_d3ebb8-93{position:relative;}@media all and (max-width: 1024px){.kadence-column379_d3ebb8-93 > .kt-inside-inner-col{flex-direction:column;justify-content:center;}}@media all and (max-width: 767px){.kadence-column379_d3ebb8-93 > .kt-inside-inner-col{flex-direction:column;justify-content:center;}}<\/style>\n<div class=\"wp-block-kadence-column kadence-column379_d3ebb8-93\"><div class=\"kt-inside-inner-col\"><div class=\"wp-block-image\">\n<figure class=\"aligncenter size-full is-resized\"><img loading=\"lazy\" decoding=\"async\" width=\"300\" height=\"269\" src=\"https:\/\/zum.fi\/wp-content\/uploads\/2023\/09\/zum-transparent-300.png\" alt=\"zum-beispiel\" class=\"wp-image-52\" style=\"width:195px;height:175px\"\/><\/figure>\n<\/div><\/div><\/div>\n\n\n<style>.kadence-column379_f84297-db > .kt-inside-inner-col,.kadence-column379_f84297-db > .kt-inside-inner-col:before{border-top-left-radius:0px;border-top-right-radius:0px;border-bottom-right-radius:0px;border-bottom-left-radius:0px;}.kadence-column379_f84297-db > .kt-inside-inner-col{column-gap:var(--global-kb-gap-sm, 1rem);}.kadence-column379_f84297-db > .kt-inside-inner-col{flex-direction:column;}.kadence-column379_f84297-db > .kt-inside-inner-col > .aligncenter{width:100%;}.kadence-column379_f84297-db > .kt-inside-inner-col:before{opacity:0.3;}.kadence-column379_f84297-db{position:relative;}@media all and (max-width: 1024px){.kadence-column379_f84297-db > .kt-inside-inner-col{flex-direction:column;justify-content:center;}}@media all and (max-width: 767px){.kadence-column379_f84297-db > .kt-inside-inner-col{flex-direction:column;justify-content:center;}}<\/style>\n<div class=\"wp-block-kadence-column kadence-column379_f84297-db\"><div class=\"kt-inside-inner-col\"><\/div><\/div>\n\n<\/div><\/div><style>.kb-row-layout-id379_34d4b7-65 > .kt-row-column-wrap{align-content:start;}:where(.kb-row-layout-id379_34d4b7-65 > .kt-row-column-wrap) > .wp-block-kadence-column{justify-content:start;}.kb-row-layout-id379_34d4b7-65 > .kt-row-column-wrap{column-gap:var(--global-kb-gap-md, 2rem);row-gap:var(--global-kb-gap-md, 2rem);padding-top:var(--global-kb-spacing-lg, 3rem);padding-bottom:var(--global-kb-spacing-sm, 1.5rem);grid-template-columns:minmax(0, 1fr);}.kb-row-layout-id379_34d4b7-65 > .kt-row-layout-overlay{opacity:0.30;}@media all and (max-width: 1024px){.kb-row-layout-id379_34d4b7-65 > .kt-row-column-wrap{grid-template-columns:minmax(0, 1fr);}}@media all and (max-width: 767px){.kb-row-layout-id379_34d4b7-65 > .kt-row-column-wrap{grid-template-columns:minmax(0, 1fr);}}<\/style><div class=\"kb-row-layout-wrap kb-row-layout-id379_34d4b7-65 alignnone wp-block-kadence-rowlayout\"><div class=\"kt-row-column-wrap kt-has-1-columns kt-row-layout-equal kt-tab-layout-inherit kt-mobile-layout-row kt-row-valign-top\">\n<style>.kadence-column379_f34cda-94 > .kt-inside-inner-col,.kadence-column379_f34cda-94 > .kt-inside-inner-col:before{border-top-left-radius:0px;border-top-right-radius:0px;border-bottom-right-radius:0px;border-bottom-left-radius:0px;}.kadence-column379_f34cda-94 > .kt-inside-inner-col{column-gap:var(--global-kb-gap-sm, 1rem);}.kadence-column379_f34cda-94 > .kt-inside-inner-col{flex-direction:column;}.kadence-column379_f34cda-94 > .kt-inside-inner-col > .aligncenter{width:100%;}.kadence-column379_f34cda-94 > .kt-inside-inner-col:before{opacity:0.3;}.kadence-column379_f34cda-94{position:relative;}@media all and (max-width: 1024px){.kadence-column379_f34cda-94 > .kt-inside-inner-col{flex-direction:column;justify-content:center;}}@media all and (max-width: 767px){.kadence-column379_f34cda-94 > .kt-inside-inner-col{flex-direction:column;justify-content:center;}}<\/style>\n<div class=\"wp-block-kadence-column kadence-column379_f34cda-94\"><div class=\"kt-inside-inner-col\">\n<h2 class=\"wp-block-heading\"><strong>Lounasmenu 26.\u201330.5. (klo 10\u201315)<\/strong><\/h2>\n\n\n\n<p><strong>Aukioloajat:<\/strong><\/p>\n\n\n\n<p><strong>Ma-to 10-21 (viim. ruokatilaukset 19.15)<\/strong><br><strong>Pe\u2013la 10\u201322<\/strong> <strong>(viim. ruokatilaukset 20.15)<\/strong><br><strong><strong>Su suljettu<\/strong><\/strong><\/p>\n\n\n\n<p><br><\/p>\n\n\n\n<p><strong><br><\/strong><\/p>\n\n\n\n<p><br><strong><br><\/strong><\/p>\n\n<\/div><\/div>\n\n<\/div><\/div><style>.kb-row-layout-id379_13e5d8-29 > .kt-row-column-wrap{align-content:start;}:where(.kb-row-layout-id379_13e5d8-29 > .kt-row-column-wrap) > .wp-block-kadence-column{justify-content:start;}.kb-row-layout-id379_13e5d8-29 > .kt-row-column-wrap{column-gap:var(--global-kb-gap-md, 2rem);row-gap:var(--global-kb-gap-md, 2rem);padding-top:var(--global-kb-spacing-sm, 1.5rem);padding-bottom:var(--global-kb-spacing-sm, 1.5rem);grid-template-columns:minmax(0, 1fr);}.kb-row-layout-id379_13e5d8-29 > .kt-row-layout-overlay{opacity:0.30;}@media all and (max-width: 1024px){.kb-row-layout-id379_13e5d8-29 > .kt-row-column-wrap{grid-template-columns:minmax(0, 1fr);}}@media all and (max-width: 767px){.kb-row-layout-id379_13e5d8-29 > .kt-row-column-wrap{grid-template-columns:minmax(0, 1fr);}}<\/style><div class=\"kb-row-layout-wrap kb-row-layout-id379_13e5d8-29 alignnone wp-block-kadence-rowlayout\"><div class=\"kt-row-column-wrap kt-has-1-columns kt-row-layout-equal kt-tab-layout-inherit kt-mobile-layout-row kt-row-valign-top\">\n<style>.kadence-column379_09ed80-fd > .kt-inside-inner-col,.kadence-column379_09ed80-fd > .kt-inside-inner-col:before{border-top-left-radius:0px;border-top-right-radius:0px;border-bottom-right-radius:0px;border-bottom-left-radius:0px;}.kadence-column379_09ed80-fd > .kt-inside-inner-col{column-gap:var(--global-kb-gap-sm, 1rem);}.kadence-column379_09ed80-fd > .kt-inside-inner-col{flex-direction:column;}.kadence-column379_09ed80-fd > .kt-inside-inner-col > .aligncenter{width:100%;}.kadence-column379_09ed80-fd > .kt-inside-inner-col:before{opacity:0.3;}.kadence-column379_09ed80-fd{position:relative;}@media all and (max-width: 1024px){.kadence-column379_09ed80-fd > .kt-inside-inner-col{flex-direction:column;justify-content:center;}}@media all and (max-width: 767px){.kadence-column379_09ed80-fd > .kt-inside-inner-col{flex-direction:column;justify-content:center;}}<\/style>\n<div class=\"wp-block-kadence-column kadence-column379_09ed80-fd\"><div class=\"kt-inside-inner-col\">\n<p class=\"has-text-align-left\"><strong>Luomutomaattikeittoa,<\/strong>lampaanfetaa ja basilikaa (L, G, K)\u00a0<strong>12 <\/strong>\u20ac<\/p>\n\n\n\n<p><strong>Zumin lohikeittoa\u00a0<\/strong>(L, G)<strong>\u00a015<\/strong> \u20ac<\/p>\n\n\n\n<p><strong>Lounasmeze:<\/strong>\u00a0Luomusalaattia, Zumin kultahernefalafel (luomu), tsatsikia,\u00a0grillattuja vihanneksia, hummusta, lampaanfetaa, viininlehtik\u00e4\u00e4ryleit\u00e4, oliiveja (L, G, K)\u00a0<strong>17 \u20ac\u00a0<\/strong><em>my\u00f6s vegaanisena<\/em><\/p>\n\n\n\n<p><strong>Melanzane:<\/strong>\u00a0Munakoisopihvi, paistettua vuohenjuustoa, paahdettuja puikulaperunoita, porkkanasalsaa, vihanneksia (L, G, K)<strong>\u00a016 \u20ac<\/strong><\/p>\n\n\n\n<p><strong>Swiss Miss Burger:<\/strong>\u00a0Hiiligrillattu luomujauhelihapihvi (Suomi), alppijuustoa (luomu), cipollinia, basilikamajoneesia, ranskanperunoita (L)\u00a0<strong>18 \u20ac\u00a0<\/strong><em>pihvin voi vaihtaa luomukukon fileeseen<\/em><\/p>\n\n\n\n<p><strong>Toscana chick:\u00a0<\/strong>Hiiligrillattua luomukukonpoikaa (Suomi), vihanneksia, luomupinaatti-valkosipulikastiketta, varhaisperunoita (L, G)\u00a0<strong>18 \u20ac<\/strong><\/p>\n\n\n\n<p><strong>Primavera Salmone:\u00a0<\/strong>Kevyesti savustettua lohta, parsakastiketta, varhaisperunoita, vihanneksia\u00a0(L, G)\u00a0<strong>18 \u20ac<\/strong><\/p>\n\n\n\n<p><strong>Risotto<\/strong><br\/><em>Risotot valmistetaan 600-vuotisen Principato di Lucedio \u2013tilan Roma-luomuriisiin.<\/em> <em>Kaikki risotot valmistetaan luomuviiniin ja viimeistell\u00e4\u00e4n voilla<\/em>\u00a0<em>ja luomuparmesaanilla.<\/em> <em>Risoton voi tilata my\u00f6s maidottomana avokadon kera<\/em>.<\/p>\n\n\n\n<p><strong>Spargel:<\/strong>\u00a0Roma-luomuriisi\u00e4, valkoista parsaa, granaattiomenan siemeni\u00e4, luomufetaa (L, G, K)\u00a0<strong>17 \u20ac\u00a0<\/strong><em>my\u00f6s vegaanisena<\/em><\/p>\n\n\n\n<p><strong>Zumin k\u00e4sintehdyt hapanjuuripastat (luomu, munaton):<\/strong><\/p>\n\n\n\n<p><strong>Pescatora:\u00a0<\/strong>Hapanjuuripastaa, lohta, mazzancolle-ravunpyrst\u00f6j\u00e4, kermaista sahrami-hummerikastiketta, dolcita-tomaatteja, persiljaa\u00a0(L)\u00a0<strong>18 \u20ac<\/strong><\/p>\n\n\n\n<p><strong>Pollo alla Caprese:<\/strong>\u00a0Hapanjuuripastaa, hiiligrillattua luomukukonpoikaa (Suomi), tuoretomaattikastiketta, basilikaa, puhvelimozzarellaa, valkosipulia (L)\u00a0<strong>18 \u20ac<\/strong><\/p>\n\n\n\n<p><strong>Caponata:\u00a0<\/strong>Hapanjuuripastaa, paahdettua munakoisoa, oliivi-tomaatti-agrodolcea, puhvelimozzarellaa (L, K)\u00a0<strong>17 \u20ac\u00a0<\/strong><em>my\u00f6s vegaanisena<\/em><br\/><br\/><em>Ruoka-annoksiin sis\u00e4ltyy luomuleip\u00e4, voi, oliivi\u00f6ljy,<\/em> <em>luomusalaatti &amp; reilun kaupan luomukahvi tai \u2013tee.<\/em><br\/><em>L=laktoositon, G=gluteeniton, K=kasvis, vegaaninen=vegaaninen<\/em><\/p>\n<\/div><\/div>\n\n<\/div><\/div><style>.kb-row-layout-id389_a6d50b-be > .kt-row-column-wrap{align-content:start;}:where(.kb-row-layout-id389_a6d50b-be > .kt-row-column-wrap) > .wp-block-kadence-column{justify-content:start;}.kb-row-layout-id389_a6d50b-be > .kt-row-column-wrap{column-gap:var(--global-kb-gap-md, 2rem);row-gap:var(--global-kb-gap-md, 2rem);padding-top:var(--global-kb-spacing-lg, 3rem);padding-bottom:var(--global-kb-spacing-lg, 3rem);grid-template-columns:minmax(0, calc(40% - ((var(--global-kb-gap-md, 2rem) * 1 )\/2)))minmax(0, calc(60% - ((var(--global-kb-gap-md, 2rem) * 1 )\/2)));}.kb-row-layout-id389_a6d50b-be{background-image:url('https:\/\/zum.fi\/wp-content\/uploads\/2023\/09\/zum-ikoni-f8f8f8-1400.png');background-size:contain;background-position:30% 53%;background-attachment:scroll;background-repeat:no-repeat;}.kb-row-layout-id389_a6d50b-be > .kt-row-layout-overlay{opacity:0.30;}@media all and (max-width: 1024px){.kb-row-layout-id389_a6d50b-be > .kt-row-column-wrap{grid-template-columns:minmax(0, 1fr) minmax(0, 2fr);}}@media all and (max-width: 767px){.kb-row-layout-id389_a6d50b-be > .kt-row-column-wrap{grid-template-columns:minmax(0, 1fr);}}<\/style><div class=\"kb-row-layout-wrap kb-row-layout-id389_a6d50b-be alignnone kt-row-has-bg wp-block-kadence-rowlayout\"><div class=\"kt-row-column-wrap kt-has-2-columns kt-row-layout-right-golden kt-tab-layout-inherit kt-mobile-layout-row kt-row-valign-top\">\n<style>.kadence-column389_2c857f-9b > .kt-inside-inner-col{padding-right:var(--global-kb-spacing-xs, 1rem);}.kadence-column389_2c857f-9b > .kt-inside-inner-col,.kadence-column389_2c857f-9b > .kt-inside-inner-col:before{border-top-left-radius:0px;border-top-right-radius:0px;border-bottom-right-radius:0px;border-bottom-left-radius:0px;}.kadence-column389_2c857f-9b > .kt-inside-inner-col{column-gap:var(--global-kb-gap-sm, 1rem);}.kadence-column389_2c857f-9b > .kt-inside-inner-col{flex-direction:column;}.kadence-column389_2c857f-9b > .kt-inside-inner-col > .aligncenter{width:100%;}.kadence-column389_2c857f-9b > .kt-inside-inner-col:before{opacity:0.3;}.kadence-column389_2c857f-9b{position:relative;}@media all and (max-width: 1024px){.kadence-column389_2c857f-9b > .kt-inside-inner-col{flex-direction:column;justify-content:center;}}@media all and (max-width: 767px){.kadence-column389_2c857f-9b > .kt-inside-inner-col{flex-direction:column;justify-content:center;}}<\/style>\n<div class=\"wp-block-kadence-column kadence-column389_2c857f-9b\"><div class=\"kt-inside-inner-col\">\n<h2 class=\"wp-block-heading\">Varaa p\u00f6yt\u00e4<\/h2>\n\n\n\n<p>Alla olevan painikkeen kautta p\u00e4\u00e4see varaamaan p\u00f6yd\u00e4n kalenteristamme. L\u00e4mpim\u00e4sti tervetuloa!<\/p>\n\n\n\n<p>Suurempien ryhmien (10 henke\u00e4 tai enemm\u00e4n) p\u00f6yt\u00e4varauksista voi olla yhteydess\u00e4 s\u00e4hk\u00f6postitse zum(at)zum.fi tai p\u00f6yt\u00e4varauslomakkeen kautta. My\u00f6s kokkikursseista ja yksityistilaisuuksista voi j\u00e4tt\u00e4\u00e4 kyselyn sivun alaosassa olevan lomakkeen kautta.<\/p>\n\n\n\n<p>Ravintola Zum Beispiel, Rihkamakatu 2, 06100 Porvoo, puhelin 050 439 6066<\/p>\n\n\n<style>.wp-block-kadence-advancedbtn.kb-btns389_ab79af-a0{gap:var(--global-kb-gap-xs, 0.5rem );justify-content:flex-start;align-items:center;}.kt-btns389_ab79af-a0 .kt-button{font-weight:normal;font-style:normal;}.kt-btns389_ab79af-a0 .kt-btn-wrap-0{margin-right:5px;}.wp-block-kadence-advancedbtn.kt-btns389_ab79af-a0 .kt-btn-wrap-0 .kt-button{color:#555555;border-color:#555555;}.wp-block-kadence-advancedbtn.kt-btns389_ab79af-a0 .kt-btn-wrap-0 .kt-button:hover, .wp-block-kadence-advancedbtn.kt-btns389_ab79af-a0 .kt-btn-wrap-0 .kt-button:focus{color:#ffffff;border-color:#444444;}.wp-block-kadence-advancedbtn.kt-btns389_ab79af-a0 .kt-btn-wrap-0 .kt-button::before{display:none;}.wp-block-kadence-advancedbtn.kt-btns389_ab79af-a0 .kt-btn-wrap-0 .kt-button:hover, .wp-block-kadence-advancedbtn.kt-btns389_ab79af-a0 .kt-btn-wrap-0 .kt-button:focus{background:#444444;}<\/style>\n<div class=\"wp-block-kadence-advancedbtn kb-buttons-wrap kb-btns389_ab79af-a0\"><style>ul.menu .wp-block-kadence-advancedbtn .kb-btn389_b44c0a-3c.kb-button{width:initial;}<\/style><a class=\"kb-button kt-button button kb-btn389_b44c0a-3c kt-btn-size-small kt-btn-width-type-auto kb-btn-global-fill  kt-btn-has-text-true kt-btn-has-svg-false  wp-block-kadence-singlebtn\" href=\"https:\/\/v2.tableonline.fi\/instabook\/bookings\/rwisZyE\" target=\"_blank\" rel=\"noreferrer noopener\"><span class=\"kt-btn-inner-text\">Varaa p\u00f6yt\u00e4<\/span><\/a><\/div>\n<\/div><\/div>\n\n\n<style>.kadence-column389_d964c7-c1 > .kt-inside-inner-col,.kadence-column389_d964c7-c1 > .kt-inside-inner-col:before{border-top-left-radius:0px;border-top-right-radius:0px;border-bottom-right-radius:0px;border-bottom-left-radius:0px;}.kadence-column389_d964c7-c1 > .kt-inside-inner-col{column-gap:var(--global-kb-gap-sm, 1rem);}.kadence-column389_d964c7-c1 > .kt-inside-inner-col{flex-direction:column;}.kadence-column389_d964c7-c1 > .kt-inside-inner-col > .aligncenter{width:100%;}.kadence-column389_d964c7-c1 > .kt-inside-inner-col:before{opacity:0.3;}.kadence-column389_d964c7-c1{position:relative;}@media all and (max-width: 1024px){.kadence-column389_d964c7-c1 > .kt-inside-inner-col{flex-direction:column;justify-content:center;}}@media all and (max-width: 767px){.kadence-column389_d964c7-c1 > .kt-inside-inner-col{flex-direction:column;justify-content:center;}}<\/style>\n<div class=\"wp-block-kadence-column kadence-column389_d964c7-c1\"><div class=\"kt-inside-inner-col\">\n<figure class=\"wp-block-image size-large\"><img loading=\"lazy\" decoding=\"async\" width=\"1024\" height=\"683\" src=\"https:\/\/zum.fi\/wp-content\/uploads\/2023\/09\/zum_beispiel-varaa-poyta2-1024x683.jpg\" alt=\"\" class=\"wp-image-358\" srcset=\"https:\/\/zum.fi\/wp-content\/uploads\/2023\/09\/zum_beispiel-varaa-poyta2-1024x683.jpg 1024w, https:\/\/zum.fi\/wp-content\/uploads\/2023\/09\/zum_beispiel-varaa-poyta2-300x200.jpg 300w, https:\/\/zum.fi\/wp-content\/uploads\/2023\/09\/zum_beispiel-varaa-poyta2-768x512.jpg 768w, https:\/\/zum.fi\/wp-content\/uploads\/2023\/09\/zum_beispiel-varaa-poyta2-1536x1024.jpg 1536w, https:\/\/zum.fi\/wp-content\/uploads\/2023\/09\/zum_beispiel-varaa-poyta2-600x400.jpg 600w, https:\/\/zum.fi\/wp-content\/uploads\/2023\/09\/zum_beispiel-varaa-poyta2.jpg 1600w\" sizes=\"auto, (max-width: 1024px) 100vw, 1024px\" \/><\/figure>\n<\/div><\/div>\n\n<\/div><\/div>","protected":false},"excerpt":{"rendered":"<p>Lounasmenu 26.\u201330.5. (klo 10\u201315) Aukioloajat: Luomutomaattikeittoa,lampaanfetaa ja basilikaa (L, G, K)\u00a012 \u20ac Zumin lohikeittoa\u00a0(L, G)\u00a015 \u20ac Lounasmeze:\u00a0Luomusalaattia, Zumin kultahernefalafel (luomu), tsatsikia,\u00a0grillattuja vihanneksia, hummusta, lampaanfetaa, viininlehtik\u00e4\u00e4ryleit\u00e4, oliiveja (L, G, K)\u00a017 \u20ac\u00a0my\u00f6s vegaanisena Melanzane:\u00a0Munakoisopihvi, paistettua vuohenjuustoa, paahdettuja puikulaperunoita, porkkanasalsaa, vihanneksia (L, G, K)\u00a016 \u20ac Swiss Miss Burger:\u00a0Hiiligrillattu luomujauhelihapihvi (Suomi), alppijuustoa (luomu), cipollinia, basilikamajoneesia, ranskanperunoita (L)\u00a018 \u20ac\u00a0pihvin voi&#8230;<\/p>\n","protected":false},"author":1,"featured_media":0,"parent":0,"menu_order":0,"comment_status":"closed","ping_status":"closed","template":"","meta":{"_kad_blocks_custom_css":"","_kad_blocks_head_custom_js":"","_kad_blocks_body_custom_js":"","_kad_blocks_footer_custom_js":"","_kad_post_transparent":"enable","_kad_post_title":"","_kad_post_layout":"","_kad_post_sidebar_id":"","_kad_post_content_style":"","_kad_post_vertical_padding":"","_kad_post_feature":"","_kad_post_feature_position":"","_kad_post_header":false,"_kad_post_footer":false,"_kad_post_classname":"","footnotes":""},"class_list":["post-1149","page","type-page","status-publish","hentry"],"taxonomy_info":[],"featured_image_src_large":false,"author_info":{"display_name":"admin","author_link":"https:\/\/zum.fi\/sv\/author\/admin\/"},"comment_info":0,"_links":{"self":[{"href":"https:\/\/zum.fi\/sv\/wp-json\/wp\/v2\/pages\/1149","targetHints":{"allow":["GET"]}}],"collection":[{"href":"https:\/\/zum.fi\/sv\/wp-json\/wp\/v2\/pages"}],"about":[{"href":"https:\/\/zum.fi\/sv\/wp-json\/wp\/v2\/types\/page"}],"author":[{"embeddable":true,"href":"https:\/\/zum.fi\/sv\/wp-json\/wp\/v2\/users\/1"}],"replies":[{"embeddable":true,"href":"https:\/\/zum.fi\/sv\/wp-json\/wp\/v2\/comments?post=1149"}],"version-history":[{"count":20,"href":"https:\/\/zum.fi\/sv\/wp-json\/wp\/v2\/pages\/1149\/revisions"}],"predecessor-version":[{"id":2352,"href":"https:\/\/zum.fi\/sv\/wp-json\/wp\/v2\/pages\/1149\/revisions\/2352"}],"wp:attachment":[{"href":"https:\/\/zum.fi\/sv\/wp-json\/wp\/v2\/media?parent=1149"}],"curies":[{"name":"wp","href":"https:\/\/api.w.org\/{rel}","templated":true}]}}